{"id":47,"date":"2025-09-25T09:16:21","date_gmt":"2025-09-25T09:16:21","guid":{"rendered":"https:\/\/krone.finance\/?page_id=47"},"modified":"2025-12-18T10:26:59","modified_gmt":"2025-12-18T10:26:59","slug":"kontakt","status":"publish","type":"page","link":"https:\/\/krone.finance\/?page_id=47","title":{"rendered":"KONTAKT"},"content":{"rendered":"<p>[et_pb_section fb_built=&#8220;1&#8243; admin_label=&#8220;Contact&#8220; _builder_version=&#8220;4.25.2&#8243; _module_preset=&#8220;default&#8220; background_enable_color=&#8220;off&#8220; locked=&#8220;off&#8220; global_colors_info=&#8220;{%22gcid-b6c4f12c-f25d-4f61-9fb1-6e96404634cd%22:%91%22background_color%22%93}&#8220;][et_pb_row _builder_version=&#8220;4.25.2&#8243; _module_preset=&#8220;default&#8220; max_width=&#8220;1320px&#8220; global_colors_info=&#8220;{}&#8220;][et_pb_column type=&#8220;4_4&#8243; _builder_version=&#8220;4.25.2&#8243; _module_preset=&#8220;default&#8220; global_colors_info=&#8220;{}&#8220;][et_pb_heading title=&#8220;KONTAKT&#8220; _builder_version=&#8220;4.27.4&#8243; _module_preset=&#8220;f5a406d4-c319-4140-beef-2dc60226547d&#8220; custom_margin=&#8220;||10px||false|false&#8220; global_colors_info=&#8220;{}&#8220;][\/et_pb_heading][\/et_pb_column][\/et_pb_row][et_pb_row column_structure=&#8220;1_2,1_2&#8243; _builder_version=&#8220;4.25.2&#8243; _module_preset=&#8220;default&#8220; max_width=&#8220;1320px&#8220; global_colors_info=&#8220;{}&#8220;][et_pb_column type=&#8220;1_2&#8243; _builder_version=&#8220;4.25.2&#8243; _module_preset=&#8220;default&#8220; global_colors_info=&#8220;{}&#8220;][et_pb_text _builder_version=&#8220;4.27.4&#8243; _module_preset=&#8220;5922226f-3438-4395-af71-ff268c9b1355&#8243; global_colors_info=&#8220;{}&#8220;]<\/p>\n<p>Sie haben Fragen, w\u00fcnschen eine Beratung oder m\u00f6chten mehr \u00fcber unsere Produkte und Services erfahren? Wir sind gerne f\u00fcr Sie da \u2013 pers\u00f6nlich, kompetent und zuverl\u00e4ssig.<\/p>\n<p>[\/et_pb_text][\/et_pb_column][et_pb_column type=&#8220;1_2&#8243; _builder_version=&#8220;4.25.2&#8243; _module_preset=&#8220;85e83f71-8d9c-46c6-9c62-28a1524ae26b&#8220; global_colors_info=&#8220;{}&#8220;][et_pb_blurb title=&#8220;Office&#8220; use_icon=&#8220;on&#8220; font_icon=&#8220;&#xf276;||fa||900&#8243; _builder_version=&#8220;4.27.4&#8243; _module_preset=&#8220;34788288-6541-4592-9762-e1768d8aa612&#8243; body_font=&#8220;Noto Sans||||||||&#8220; body_font_size=&#8220;16px&#8220; global_colors_info=&#8220;{}&#8220;]<\/p>\n<p><span>Heinrich-Krone-Str. 10, 48480 Spelle<\/span><\/p>\n<p>[\/et_pb_blurb][et_pb_blurb title=&#8220;Anruf&#8220; use_icon=&#8220;on&#8220; font_icon=&#8220;&#xf10b;||fa||900&#8243; _builder_version=&#8220;4.27.5&#8243; _module_preset=&#8220;34788288-6541-4592-9762-e1768d8aa612&#8243; body_font=&#8220;Noto Sans||||||||&#8220; body_font_size=&#8220;16px&#8220; hover_enabled=&#8220;0&#8243; global_colors_info=&#8220;{}&#8220; sticky_enabled=&#8220;0&#8243;]<\/p>\n<p><a href=\"tel:05977\/9358170\">05977\/9358170<\/a><\/p>\n<p>[\/et_pb_blurb][et_pb_blurb title=&#8220;Email&#8220; use_icon=&#8220;on&#8220; font_icon=&#8220;&#xf658;||fa||900&#8243; _builder_version=&#8220;4.27.5&#8243; _module_preset=&#8220;34788288-6541-4592-9762-e1768d8aa612&#8243; body_font=&#8220;Noto Sans||||||||&#8220; body_font_size=&#8220;16px&#8220; hover_enabled=&#8220;0&#8243; global_colors_info=&#8220;{}&#8220; sticky_enabled=&#8220;0&#8243;]<\/p>\n<p><a href=\"mailto:info@krone.finance\">info@krone.finance<\/a><\/p>\n<p>[\/et_pb_blurb][\/et_pb_column][\/et_pb_row][\/et_pb_section]<\/p>\n","protected":false},"excerpt":{"rendered":"<p>Sie haben Fragen, w\u00fcnschen eine Beratung oder m\u00f6chten mehr \u00fcber unsere Produkte und Services erfahren? Wir sind gerne f\u00fcr Sie da \u2013 pers\u00f6nlich, kompetent und zuverl\u00e4ssig.Heinrich-Krone-Str. 10, 48480 Spelle05977\/9358170info@krone.finance<\/p>\n","protected":false},"author":1,"featured_media":0,"parent":0,"menu_order":0,"comment_status":"closed","ping_status":"closed","template":"","meta":{"_et_pb_use_builder":"on","_et_pb_old_content":"","_et_gb_content_width":"","footnotes":""},"class_list":["post-47","page","type-page","status-publish","hentry"],"yoast_head":"<!-- This site is optimized with the Yoast SEO plugin v26.9 - https:\/\/yoast.com\/product\/yoast-seo-wordpress\/ -->\n<title>KONTAKT - Krone Finance<\/title>\n<meta name=\"robots\" content=\"index, follow, max-snippet:-1, max-image-preview:large, max-video-preview:-1\" \/>\n<link rel=\"canonical\" href=\"https:\/\/krone.finance\/?page_id=47\" \/>\n<meta property=\"og:locale\" content=\"de_DE\" \/>\n<meta property=\"og:type\" content=\"article\" \/>\n<meta property=\"og:title\" content=\"KONTAKT - Krone Finance\" \/>\n<meta property=\"og:description\" content=\"Sie haben Fragen, w\u00fcnschen eine Beratung oder m\u00f6chten mehr \u00fcber unsere Produkte und Services erfahren? Wir sind gerne f\u00fcr Sie da \u2013 pers\u00f6nlich, kompetent und zuverl\u00e4ssig.Heinrich-Krone-Str. 10, 48480 Spelle05977\/9358170info@krone.finance\" \/>\n<meta property=\"og:url\" content=\"https:\/\/krone.finance\/?page_id=47\" \/>\n<meta property=\"og:site_name\" content=\"Krone Finance\" \/>\n<meta property=\"article:modified_time\" content=\"2025-12-18T10:26:59+00:00\" \/>\n<meta name=\"twitter:card\" content=\"summary_large_image\" \/>\n<meta name=\"twitter:label1\" content=\"Gesch\u00e4tzte Lesezeit\" \/>\n\t<meta name=\"twitter:data1\" content=\"2\u00a0Minuten\" \/>\n<script type=\"application\/ld+json\" class=\"yoast-schema-graph\">{\"@context\":\"https:\/\/schema.org\",\"@graph\":[{\"@type\":\"WebPage\",\"@id\":\"https:\/\/krone.finance\/?page_id=47\",\"url\":\"https:\/\/krone.finance\/?page_id=47\",\"name\":\"KONTAKT - Krone Finance\",\"isPartOf\":{\"@id\":\"https:\/\/krone.finance\/#website\"},\"datePublished\":\"2025-09-25T09:16:21+00:00\",\"dateModified\":\"2025-12-18T10:26:59+00:00\",\"breadcrumb\":{\"@id\":\"https:\/\/krone.finance\/?page_id=47#breadcrumb\"},\"inLanguage\":\"de\",\"potentialAction\":[{\"@type\":\"ReadAction\",\"target\":[\"https:\/\/krone.finance\/?page_id=47\"]}]},{\"@type\":\"BreadcrumbList\",\"@id\":\"https:\/\/krone.finance\/?page_id=47#breadcrumb\",\"itemListElement\":[{\"@type\":\"ListItem\",\"position\":1,\"name\":\"Start\",\"item\":\"https:\/\/krone.finance\/\"},{\"@type\":\"ListItem\",\"position\":2,\"name\":\"KONTAKT\"}]},{\"@type\":\"WebSite\",\"@id\":\"https:\/\/krone.finance\/#website\",\"url\":\"https:\/\/krone.finance\/\",\"name\":\"Krone Finance\",\"description\":\"\",\"potentialAction\":[{\"@type\":\"SearchAction\",\"target\":{\"@type\":\"EntryPoint\",\"urlTemplate\":\"https:\/\/krone.finance\/?s={search_term_string}\"},\"query-input\":{\"@type\":\"PropertyValueSpecification\",\"valueRequired\":true,\"valueName\":\"search_term_string\"}}],\"inLanguage\":\"de\"}]}<\/script>\n<!-- \/ Yoast SEO plugin. -->","yoast_head_json":{"title":"KONTAKT - Krone Finance","robots":{"index":"index","follow":"follow","max-snippet":"max-snippet:-1","max-image-preview":"max-image-preview:large","max-video-preview":"max-video-preview:-1"},"canonical":"https:\/\/krone.finance\/?page_id=47","og_locale":"de_DE","og_type":"article","og_title":"KONTAKT - Krone Finance","og_description":"Sie haben Fragen, w\u00fcnschen eine Beratung oder m\u00f6chten mehr \u00fcber unsere Produkte und Services erfahren? Wir sind gerne f\u00fcr Sie da \u2013 pers\u00f6nlich, kompetent und zuverl\u00e4ssig.Heinrich-Krone-Str. 10, 48480 Spelle05977\/9358170info@krone.finance","og_url":"https:\/\/krone.finance\/?page_id=47","og_site_name":"Krone Finance","article_modified_time":"2025-12-18T10:26:59+00:00","twitter_card":"summary_large_image","twitter_misc":{"Gesch\u00e4tzte Lesezeit":"2\u00a0Minuten"},"schema":{"@context":"https:\/\/schema.org","@graph":[{"@type":"WebPage","@id":"https:\/\/krone.finance\/?page_id=47","url":"https:\/\/krone.finance\/?page_id=47","name":"KONTAKT - Krone Finance","isPartOf":{"@id":"https:\/\/krone.finance\/#website"},"datePublished":"2025-09-25T09:16:21+00:00","dateModified":"2025-12-18T10:26:59+00:00","breadcrumb":{"@id":"https:\/\/krone.finance\/?page_id=47#breadcrumb"},"inLanguage":"de","potentialAction":[{"@type":"ReadAction","target":["https:\/\/krone.finance\/?page_id=47"]}]},{"@type":"BreadcrumbList","@id":"https:\/\/krone.finance\/?page_id=47#breadcrumb","itemListElement":[{"@type":"ListItem","position":1,"name":"Start","item":"https:\/\/krone.finance\/"},{"@type":"ListItem","position":2,"name":"KONTAKT"}]},{"@type":"WebSite","@id":"https:\/\/krone.finance\/#website","url":"https:\/\/krone.finance\/","name":"Krone Finance","description":"","potentialAction":[{"@type":"SearchAction","target":{"@type":"EntryPoint","urlTemplate":"https:\/\/krone.finance\/?s={search_term_string}"},"query-input":{"@type":"PropertyValueSpecification","valueRequired":true,"valueName":"search_term_string"}}],"inLanguage":"de"}]}},"_links":{"self":[{"href":"https:\/\/krone.finance\/index.php?rest_route=\/wp\/v2\/pages\/47","targetHints":{"allow":["GET"]}}],"collection":[{"href":"https:\/\/krone.finance\/index.php?rest_route=\/wp\/v2\/pages"}],"about":[{"href":"https:\/\/krone.finance\/index.php?rest_route=\/wp\/v2\/types\/page"}],"author":[{"embeddable":true,"href":"https:\/\/krone.finance\/index.php?rest_route=\/wp\/v2\/users\/1"}],"replies":[{"embeddable":true,"href":"https:\/\/krone.finance\/index.php?rest_route=%2Fwp%2Fv2%2Fcomments&post=47"}],"version-history":[{"count":6,"href":"https:\/\/krone.finance\/index.php?rest_route=\/wp\/v2\/pages\/47\/revisions"}],"predecessor-version":[{"id":400,"href":"https:\/\/krone.finance\/index.php?rest_route=\/wp\/v2\/pages\/47\/revisions\/400"}],"wp:attachment":[{"href":"https:\/\/krone.finance\/index.php?rest_route=%2Fwp%2Fv2%2Fmedia&parent=47"}],"curies":[{"name":"wp","href":"https:\/\/api.w.org\/{rel}","templated":true}]}}