{"id":292,"date":"2025-11-03T10:18:50","date_gmt":"2025-11-03T10:18:50","guid":{"rendered":"https:\/\/krone.finance\/?page_id=292"},"modified":"2025-11-17T12:54:50","modified_gmt":"2025-11-17T12:54:50","slug":"finanzierung","status":"publish","type":"page","link":"https:\/\/krone.finance\/?page_id=292","title":{"rendered":"FINANZIERUNG"},"content":{"rendered":"<p>[et_pb_section fb_built=&#8220;1&#8243; custom_padding_last_edited=&#8220;on|phone&#8220; admin_label=&#8220;Header&#8220; _builder_version=&#8220;4.27.4&#8243; _module_preset=&#8220;cfd369b2-52fe-45b5-9c29-4ea6df34c064&#8243; background_enable_color=&#8220;off&#8220; background_color_gradient_stops=&#8220;#000000 0%|rgba(0,0,0,0.3) 40%&#8220; background_image=&#8220;https:\/\/krone.finance\/wp-content\/uploads\/2025\/11\/cooperation-analyst-chart-professional-paper-economics-scaled.jpg&#8220; custom_padding=&#8220;14vw||0px||false|false&#8220; custom_padding_tablet=&#8220;20vw||0px||false|false&#8220; custom_padding_phone=&#8220;20vw||0px||false|false&#8220; global_colors_info=&#8220;{}&#8220;][et_pb_row _builder_version=&#8220;4.27.4&#8243; _module_preset=&#8220;d533430b-dd4e-4c00-904e-aa4f232b9807&#8243; global_colors_info=&#8220;{}&#8220;][et_pb_column type=&#8220;4_4&#8243; _builder_version=&#8220;4.27.4&#8243; _module_preset=&#8220;default&#8220; global_colors_info=&#8220;{}&#8220;][et_pb_heading title=&#8220;BLEIBEN SIE FLEXIBEL&#8220; _builder_version=&#8220;4.27.4&#8243; _module_preset=&#8220;aa661db8-8217-4493-a40c-66fa79b8425f&#8220; title_font=&#8220;Noto Sans|700||on|||||&#8220; title_text_color=&#8220;#FFFFFF&#8220; title_font_size=&#8220;22px&#8220; global_colors_info=&#8220;{}&#8220;][\/et_pb_heading][et_pb_heading title=&#8220;FINANZIERUNG &#038; MIETE&#8220; _builder_version=&#8220;4.27.4&#8243; _module_preset=&#8220;e8f5d7d5-37d0-4c77-a2b0-7d6759c74a14&#8243; title_font=&#8220;Noto Sans|700|||||||&#8220; title_text_color=&#8220;#FFFFFF&#8220; title_font_size=&#8220;85px&#8220; max_width=&#8220;1080px&#8220; custom_margin=&#8220;||56px|||&#8220; global_colors_info=&#8220;{}&#8220;][\/et_pb_heading][\/et_pb_column][\/et_pb_row][\/et_pb_section][et_pb_section fb_built=&#8220;1&#8243; specialty=&#8220;on&#8220; admin_label=&#8220;Stats&#8220; _builder_version=&#8220;4.25.2&#8243; _module_preset=&#8220;default&#8220; inner_width=&#8220;90%&#8220; inner_max_width=&#8220;1500px&#8220; custom_padding=&#8220;70px||20px|||&#8220; global_colors_info=&#8220;{}&#8220;][et_pb_column type=&#8220;1_3&#8243; _builder_version=&#8220;4.16&#8243; _module_preset=&#8220;default&#8220; custom_padding=&#8220;|||&#8220; global_colors_info=&#8220;{}&#8220; custom_padding__hover=&#8220;|||&#8220;][et_pb_heading title=&#8220;EINFACH RICHTIG GUT BERATEN&#8220; _builder_version=&#8220;4.27.4&#8243; _module_preset=&#8220;8d8f8f1e-b57a-443d-a767-54436e5f6e2c&#8220; title_font=&#8220;Noto Sans|700|||||||&#8220; locked=&#8220;off&#8220; global_colors_info=&#8220;{}&#8220;][\/et_pb_heading][\/et_pb_column][et_pb_column type=&#8220;2_3&#8243; specialty_columns=&#8220;2&#8243; _builder_version=&#8220;4.16&#8243; _module_preset=&#8220;default&#8220; custom_padding=&#8220;|||&#8220; global_colors_info=&#8220;{}&#8220; custom_padding__hover=&#8220;|||&#8220;][et_pb_row_inner custom_padding_last_edited=&#8220;on|phone&#8220; _builder_version=&#8220;4.25.2&#8243; _module_preset=&#8220;default&#8220; custom_padding_tablet=&#8220;0px||0px||true|false&#8220; custom_padding_phone=&#8220;0px||0px||true|false&#8220; global_colors_info=&#8220;{}&#8220;][et_pb_column_inner saved_specialty_column_type=&#8220;2_3&#8243; _builder_version=&#8220;4.25.2&#8243; _module_preset=&#8220;default&#8220; global_colors_info=&#8220;{}&#8220;][et_pb_text _builder_version=&#8220;4.27.4&#8243; _module_preset=&#8220;f9993761-c309-44c0-af24-b3f0cc25d210&#8243; text_font=&#8220;Noto Sans||||||||&#8220; text_font_size=&#8220;18px&#8220; max_width=&#8220;625px&#8220; global_colors_info=&#8220;{}&#8220;]<\/p>\n<p data-start=\"117\" data-end=\"475\"><strong data-start=\"117\" data-end=\"234\">Flexibilit\u00e4t ist in der Logistik ein entscheidender Wettbewerbsvorteil \u2013 und das gilt ebenso f\u00fcr Ihre Liquidit\u00e4t.<\/strong><br data-start=\"234\" data-end=\"237\" \/>Damit Sie finanziell beweglich bleiben, bieten wir Ihnen ma\u00dfgeschneiderte Finanzierungsmodelle wie <strong data-start=\"336\" data-end=\"347\">Leasing<\/strong>, <strong data-start=\"349\" data-end=\"361\">Mietkauf<\/strong> oder <strong data-start=\"367\" data-end=\"390\">Investitionskredite<\/strong>. So erweitern Sie Ihren finanziellen Spielraum genau dann, wenn Sie ihn ben\u00f6tigen.<\/p>\n<p data-start=\"477\" data-end=\"513\"><strong data-start=\"477\" data-end=\"511\">Ihre Vorteile auf einen Blick:<\/strong><\/p>\n<ul data-start=\"514\" data-end=\"771\">\n<li data-start=\"514\" data-end=\"566\">\n<p data-start=\"516\" data-end=\"566\">pers\u00f6nliche und kompetente Finanzierungsberatung<\/p>\n<\/li>\n<li data-start=\"567\" data-end=\"596\">\n<p data-start=\"569\" data-end=\"596\">individuelle Ratenmodelle<\/p>\n<\/li>\n<li data-start=\"597\" data-end=\"636\">\n<p data-start=\"599\" data-end=\"636\">schnelle, unkomplizierte Abwicklung<\/p>\n<\/li>\n<li data-start=\"637\" data-end=\"707\">\n<p data-start=\"639\" data-end=\"707\">Ansprechpartner mit fundiertem Finanz-, Objekt- und Branchenwissen<\/p>\n<\/li>\n<li data-start=\"708\" data-end=\"771\">\n<p data-start=\"710\" data-end=\"771\">ma\u00dfgeschneiderte Produkte und Finanzierungen aus einer Hand<\/p>\n<\/li>\n<\/ul>\n<p data-start=\"773\" data-end=\"941\"><strong data-start=\"773\" data-end=\"836\">Fordern Sie jetzt Ihr individuelles Finanzierungsangebot an.<\/strong><\/p>\n<p>[\/et_pb_text][et_pb_button button_text=&#8220;KONTAKT AUFNEHMEN&#8220; _builder_version=&#8220;4.27.4&#8243; _module_preset=&#8220;default&#8220; custom_button=&#8220;on&#8220; button_text_color=&#8220;#FFFFFF&#8220; button_bg_color=&#8220;#008080&#8243; button_border_width=&#8220;0px&#8220; button_border_radius=&#8220;0px&#8220; button_font=&#8220;|600|||||||&#8220; custom_margin=&#8220;30px||||false|false&#8220; hover_enabled=&#8220;0&#8243; global_colors_info=&#8220;{}&#8220; button_bg_color__hover_enabled=&#8220;on|hover&#8220; button_bg_color__hover=&#8220;#000000&#8243; button_bg_enable_color__hover=&#8220;on&#8220; button_url=&#8220;mailto:info@krone.finance&#8220; sticky_enabled=&#8220;0&#8243;][\/et_pb_button][\/et_pb_column_inner][\/et_pb_row_inner][\/et_pb_column][\/et_pb_section][et_pb_section fb_built=&#8220;1&#8243; _builder_version=&#8220;4.27.4&#8243; _module_preset=&#8220;default&#8220; global_colors_info=&#8220;{}&#8220;][et_pb_row column_structure=&#8220;3_5,2_5&#8243; _builder_version=&#8220;4.27.4&#8243; _module_preset=&#8220;default&#8220; width=&#8220;100%&#8220; max_width=&#8220;1363px&#8220; global_colors_info=&#8220;{}&#8220;][et_pb_column type=&#8220;3_5&#8243; _builder_version=&#8220;4.27.4&#8243; _module_preset=&#8220;default&#8220; global_colors_info=&#8220;{}&#8220;][et_pb_image src=&#8220;https:\/\/krone.finance\/wp-content\/uploads\/2025\/10\/csm_Value_Landingpage_Impressionen_Profi_1920x1080px_2888574308-1.webp&#8220; title_text=&#8220;csm_Value_Landingpage_Impressionen_Profi_1920x1080px_2888574308&#8243; _builder_version=&#8220;4.27.4&#8243; _module_preset=&#8220;default&#8220; global_colors_info=&#8220;{}&#8220;][\/et_pb_image][\/et_pb_column][et_pb_column type=&#8220;2_5&#8243; _builder_version=&#8220;4.27.4&#8243; _module_preset=&#8220;default&#8220; global_colors_info=&#8220;{}&#8220;][et_pb_text _builder_version=&#8220;4.27.4&#8243; _module_preset=&#8220;f9993761-c309-44c0-af24-b3f0cc25d210&#8243; text_font=&#8220;Noto Sans||||||||&#8220; text_font_size=&#8220;18px&#8220; max_width=&#8220;625px&#8220; global_colors_info=&#8220;{}&#8220;]<\/p>\n<p>Mieten oder leasen Sie doch gleich Ihren Fuhrpark bei uns \u2013 und nutzen Sie die verf\u00fchrerischen, wirtschaftlichen Vorteile unseres Full-Service:<\/p>\n<ul>\n<li>Ihr Miet- oder Leasingvertrag mit KRONE Financial Services wird f\u00fcr Sie pers\u00f6nlich ausgehandelt zu fairen und attraktiven Konditionen, die Ihre Firma liquider halten.<\/li>\n<li>Individuelle Laufzeiten sind m\u00f6glich.<\/li>\n<li>Ausstattung, Lackierung und Beschriftung der Einheiten erfolgen ganz nach Ihren W\u00fcnschen<\/li>\n<\/ul>\n<p>[\/et_pb_text][\/et_pb_column][\/et_pb_row][et_pb_row column_structure=&#8220;2_5,3_5&#8243; _builder_version=&#8220;4.27.4&#8243; _module_preset=&#8220;default&#8220; width=&#8220;100%&#8220; max_width=&#8220;1363px&#8220; global_colors_info=&#8220;{}&#8220;][et_pb_column type=&#8220;2_5&#8243; _builder_version=&#8220;4.27.4&#8243; _module_preset=&#8220;default&#8220; global_colors_info=&#8220;{}&#8220;][et_pb_text _builder_version=&#8220;4.27.4&#8243; _module_preset=&#8220;f9993761-c309-44c0-af24-b3f0cc25d210&#8243; text_font=&#8220;Noto Sans||||||||&#8220; text_font_size=&#8220;18px&#8220; max_width=&#8220;625px&#8220; global_colors_info=&#8220;{}&#8220;]<\/p>\n<p><span>Die Steuer- bzw. Bilanzvorteile eines Miet- oder Leasingvertrags liegen klar auf der Hand. Nicht zuletzt \u00fcben die Abschreibungsm\u00f6glichkeiten einen Reiz aus, dem Sie als kostenbewusster Unternehmer nicht widerstehen k\u00f6nnen.<\/span><\/p>\n<p>Sie sehen: Mit KRONE Financial Services an Ihrer Seite, m\u00fcssen Ihnen Fuhrparkkosten keineswegs das Leben erschweren.<\/p>\n<p>[\/et_pb_text][\/et_pb_column][et_pb_column type=&#8220;3_5&#8243; _builder_version=&#8220;4.27.4&#8243; _module_preset=&#8220;default&#8220; global_colors_info=&#8220;{}&#8220;][et_pb_image src=&#8220;https:\/\/krone.finance\/wp-content\/uploads\/2025\/10\/csm_Value_Landingpage_Impressionen_Profi_1920x1080px3_c94acc3756.webp&#8220; title_text=&#8220;csm_Value_Landingpage_Impressionen_Profi_1920x1080px3_c94acc3756&#8243; _builder_version=&#8220;4.27.4&#8243; _module_preset=&#8220;default&#8220; global_colors_info=&#8220;{}&#8220;][\/et_pb_image][\/et_pb_column][\/et_pb_row][\/et_pb_section][et_pb_section fb_built=&#8220;1&#8243; fullwidth=&#8220;on&#8220; _builder_version=&#8220;4.27.4&#8243; _module_preset=&#8220;default&#8220; global_colors_info=&#8220;{}&#8220;][et_pb_fullwidth_slider _builder_version=&#8220;4.27.4&#8243; _module_preset=&#8220;default&#8220; global_colors_info=&#8220;{}&#8220;][et_pb_slide _builder_version=&#8220;4.27.4&#8243; _module_preset=&#8220;default&#8220; background_image=&#8220;https:\/\/krone.finance\/wp-content\/uploads\/2025\/11\/smiling-truck-driver-working-gloves-opening-closing-truck-trailer-back-doors-checking-goods-transportation-scaled.png&#8220; background_enable_image=&#8220;on&#8220; parallax=&#8220;on&#8220; parallax_method=&#8220;off&#8220; global_colors_info=&#8220;{}&#8220; sticky_transition=&#8220;on&#8220;][\/et_pb_slide][\/et_pb_fullwidth_slider][\/et_pb_section][et_pb_section fb_built=&#8220;1&#8243; _builder_version=&#8220;4.27.4&#8243; _module_preset=&#8220;default&#8220; global_colors_info=&#8220;{}&#8220;][et_pb_row _builder_version=&#8220;4.27.4&#8243; _module_preset=&#8220;default&#8220; global_colors_info=&#8220;{}&#8220;][et_pb_column type=&#8220;4_4&#8243; _builder_version=&#8220;4.27.4&#8243; _module_preset=&#8220;default&#8220; global_colors_info=&#8220;{}&#8220;][et_pb_toggle title=&#8220;In welcher H\u00f6he ist die Mehrwertsteuer (Mwst.) zu leisten und wann muss sie an wen gezahlt werden?&#8220; open_toggle_text_color=&#8220;#008080&#8243; _builder_version=&#8220;4.27.4&#8243; _module_preset=&#8220;default&#8220; title_text_color=&#8220;#008080&#8243; title_level=&#8220;h3&#8243; title_font=&#8220;Noto Sans|700|||||||&#8220; global_colors_info=&#8220;{}&#8220;]<\/p>\n<p data-start=\"117\" data-end=\"180\"><strong data-start=\"117\" data-end=\"178\">Die Antwort richtet sich nach der jeweiligen Vertragsart:<\/strong><\/p>\n<p data-start=\"182\" data-end=\"341\"><strong data-start=\"182\" data-end=\"194\">Leasing:<\/strong><br data-start=\"194\" data-end=\"197\" \/>Die Zahlung erfolgt monatlich in Form von Leasingraten an die Leasinggesellschaft. Grundlage f\u00fcr die Berechnung ist die vereinbarte Nettorate.<\/p>\n<p data-start=\"343\" data-end=\"547\"><strong data-start=\"343\" data-end=\"356\">Mietkauf:<\/strong><br data-start=\"356\" data-end=\"359\" \/>Die Zahlung erfolgt vor oder bei Abholung der Objekte direkt an KRONE Financial Services. Die H\u00f6he ergibt sich aus den kumulierten Mietkaufraten und ist auf der ersten Seite des Mietkaufvertrags angegeben.<\/p>\n<p data-start=\"549\" data-end=\"640\"><strong data-start=\"549\" data-end=\"562\">Darlehen:<\/strong><br data-start=\"562\" data-end=\"565\" \/>Die Zahlung erfolgt ebenfalls vor oder bei Abholung der Objekte an KRONE Financial Services.<\/p>\n<p>[\/et_pb_toggle][et_pb_toggle title=&#8220;Wann werden die Raten beim Leasing \/ Mietkauf f\u00e4llig?&#8220; open_toggle_text_color=&#8220;#008080&#8243; _builder_version=&#8220;4.27.4&#8243; _module_preset=&#8220;default&#8220; title_text_color=&#8220;#008080&#8243; title_level=&#8220;h3&#8243; title_font=&#8220;Noto Sans|700|||||||&#8220; custom_margin=&#8220;-32px|||||&#8220; global_colors_info=&#8220;{}&#8220;]<\/p>\n<p data-start=\"86\" data-end=\"261\"><strong data-start=\"86\" data-end=\"111\">Mietkauf:<\/strong><br data-start=\"111\" data-end=\"114\" \/>Die erste Rate wird in dem Monat f\u00e4llig, in dem die Abnahme des Objekts erfolgt. Alle weiteren Raten sind jeweils zu Beginn des Monats zu zahlen.<\/p>\n<p data-start=\"263\" data-end=\"360\"><strong data-start=\"263\" data-end=\"276\">Darlehen:<\/strong><br data-start=\"276\" data-end=\"279\" \/>Die erste Rate ist in der Regel 30 Tage nach Auszahlung der Kreditsumme f\u00e4llig.<\/p>\n<p>[\/et_pb_toggle][et_pb_toggle title=&#8220;Wann bekomme ich beim Mietkauf meine Mehrwertsteuer erstattet?&#8220; open_toggle_text_color=&#8220;#008080&#8243; _builder_version=&#8220;4.27.4&#8243; _module_preset=&#8220;default&#8220; title_text_color=&#8220;#008080&#8243; title_level=&#8220;h3&#8243; title_font=&#8220;Noto Sans|700|||||||&#8220; custom_margin=&#8220;-32px|||||&#8220; global_colors_info=&#8220;{}&#8220;]<\/p>\n<p data-start=\"86\" data-end=\"261\">Reichen Sie wie gewohnt Ihre Mehrwertsteuerrechnung ein. Diese erhalten Sie von der Finanzierungsgesellschaft, sobald das Objekt \u00fcbernommen und die Abnahmebest\u00e4tigung versendet wurde.<\/p>\n<p>[\/et_pb_toggle][et_pb_toggle title=&#8220;Hat es Vorteile, wenn ich ein Fahrzeug bei KRONE Financial Services finanziere?&#8220; open_toggle_text_color=&#8220;#008080&#8243; _builder_version=&#8220;4.27.4&#8243; _module_preset=&#8220;default&#8220; title_text_color=&#8220;#008080&#8243; title_level=&#8220;h3&#8243; title_font=&#8220;Noto Sans|700|||||||&#8220; custom_margin=&#8220;-32px|||||&#8220; global_colors_info=&#8220;{}&#8220;]<\/p>\n<p data-start=\"86\" data-end=\"261\">Nat\u00fcrlich. Bei uns erhalten Sie Fahrzeug und Finanzierung aus einer Hand. Das spart Zeit und sichert Ihnen zugleich fundierte Beratung, langj\u00e4hrige Erfahrung und besonders faire Konditionen.<\/p>\n<p>[\/et_pb_toggle][et_pb_toggle title=&#8220;Warum wird zuvor die Bonit\u00e4t gepr\u00fcft?&#8220; open_toggle_text_color=&#8220;#008080&#8243; _builder_version=&#8220;4.27.4&#8243; _module_preset=&#8220;default&#8220; title_text_color=&#8220;#008080&#8243; title_level=&#8220;h3&#8243; title_font=&#8220;Noto Sans|700|||||||&#8220; custom_margin=&#8220;-32px|||||&#8220; global_colors_info=&#8220;{}&#8220;]<\/p>\n<p data-start=\"86\" data-end=\"261\">Eine Bonit\u00e4tspr\u00fcfung ist ein fester Bestandteil des bank\u00fcblichen Prozesses. Damit \u00fcbernimmt KRONE FINANCIAL SERVICES Verantwortung und stellt sicher, dass Ihre Finanzierung auf einer soliden Grundlage steht \u2013 zum Schutz vor \u00dcberschuldung.<\/p>\n<p>[\/et_pb_toggle][et_pb_toggle title=&#8220;Bin ich besser beraten, wenn ich bei meiner Bank einen Kredit aufnehme und so finanziere&#8220; open_toggle_text_color=&#8220;#008080&#8243; _builder_version=&#8220;4.27.4&#8243; _module_preset=&#8220;default&#8220; title_text_color=&#8220;#008080&#8243; title_level=&#8220;h3&#8243; title_font=&#8220;Noto Sans|700|||||||&#8220; custom_margin=&#8220;-32px|||||&#8220; global_colors_info=&#8220;{}&#8220;]<\/p>\n<p data-start=\"104\" data-end=\"388\"><strong data-start=\"104\" data-end=\"113\">Nein.<\/strong> Zum einen bietet KRONE FINANCIAL Services besonders attraktive Konditionen. Zum anderen haben Sie bei Leasing- oder Schlussratenfinanzierungen die M\u00f6glichkeit, das Fahrzeug nach Ablauf der Vertragslaufzeit einfach an KRONE zur\u00fcckzugeben \u2013 ein Vorteil, den Ihre Hausbank nicht bietet.<\/p>\n<p data-start=\"390\" data-end=\"566\">Ein weiterer Pluspunkt: Ihre Kreditlinie bei der Hausbank bleibt unber\u00fchrt und steht Ihnen somit weiterhin f\u00fcr kurzfristige oder unvorhergesehene Investitionen zur Verf\u00fcgung.<\/p>\n<p>[\/et_pb_toggle][\/et_pb_column][\/et_pb_row][\/et_pb_section]<\/p>\n","protected":false},"excerpt":{"rendered":"<p>Flexibilit\u00e4t ist in der Logistik ein entscheidender Wettbewerbsvorteil \u2013 und das gilt ebenso f\u00fcr Ihre Liquidit\u00e4t.Damit Sie finanziell beweglich bleiben, bieten wir Ihnen ma\u00dfgeschneiderte Finanzierungsmodelle wie Leasing, Mietkauf oder Investitionskredite. So erweitern Sie Ihren finanziellen Spielraum genau dann, wenn Sie ihn ben\u00f6tigen. Ihre Vorteile auf einen Blick: pers\u00f6nliche und kompetente Finanzierungsberatung individuelle Ratenmodelle schnelle, unkomplizierte [&hellip;]<\/p>\n","protected":false},"author":1,"featured_media":0,"parent":0,"menu_order":0,"comment_status":"closed","ping_status":"closed","template":"","meta":{"_et_pb_use_builder":"on","_et_pb_old_content":"","_et_gb_content_width":"","footnotes":""},"class_list":["post-292","page","type-page","status-publish","hentry"],"yoast_head":"<!-- This site is optimized with the Yoast SEO plugin v26.9 - https:\/\/yoast.com\/product\/yoast-seo-wordpress\/ -->\n<title>FINANZIERUNG - Krone Finance<\/title>\n<meta name=\"robots\" content=\"index, follow, max-snippet:-1, max-image-preview:large, max-video-preview:-1\" \/>\n<link rel=\"canonical\" href=\"https:\/\/krone.finance\/?page_id=292\" \/>\n<meta property=\"og:locale\" content=\"de_DE\" \/>\n<meta property=\"og:type\" content=\"article\" \/>\n<meta property=\"og:title\" content=\"FINANZIERUNG - Krone Finance\" \/>\n<meta property=\"og:description\" content=\"Flexibilit\u00e4t ist in der Logistik ein entscheidender Wettbewerbsvorteil \u2013 und das gilt ebenso f\u00fcr Ihre Liquidit\u00e4t.Damit Sie finanziell beweglich bleiben, bieten wir Ihnen ma\u00dfgeschneiderte Finanzierungsmodelle wie Leasing, Mietkauf oder Investitionskredite. So erweitern Sie Ihren finanziellen Spielraum genau dann, wenn Sie ihn ben\u00f6tigen. Ihre Vorteile auf einen Blick: pers\u00f6nliche und kompetente Finanzierungsberatung individuelle Ratenmodelle schnelle, unkomplizierte [&hellip;]\" \/>\n<meta property=\"og:url\" content=\"https:\/\/krone.finance\/?page_id=292\" \/>\n<meta property=\"og:site_name\" content=\"Krone Finance\" \/>\n<meta property=\"article:modified_time\" content=\"2025-11-17T12:54:50+00:00\" \/>\n<meta name=\"twitter:card\" content=\"summary_large_image\" \/>\n<meta name=\"twitter:label1\" content=\"Gesch\u00e4tzte Lesezeit\" \/>\n\t<meta name=\"twitter:data1\" content=\"8\u00a0Minuten\" \/>\n<script type=\"application\/ld+json\" class=\"yoast-schema-graph\">{\"@context\":\"https:\/\/schema.org\",\"@graph\":[{\"@type\":\"WebPage\",\"@id\":\"https:\/\/krone.finance\/?page_id=292\",\"url\":\"https:\/\/krone.finance\/?page_id=292\",\"name\":\"FINANZIERUNG - Krone Finance\",\"isPartOf\":{\"@id\":\"https:\/\/krone.finance\/#website\"},\"datePublished\":\"2025-11-03T10:18:50+00:00\",\"dateModified\":\"2025-11-17T12:54:50+00:00\",\"breadcrumb\":{\"@id\":\"https:\/\/krone.finance\/?page_id=292#breadcrumb\"},\"inLanguage\":\"de\",\"potentialAction\":[{\"@type\":\"ReadAction\",\"target\":[\"https:\/\/krone.finance\/?page_id=292\"]}]},{\"@type\":\"BreadcrumbList\",\"@id\":\"https:\/\/krone.finance\/?page_id=292#breadcrumb\",\"itemListElement\":[{\"@type\":\"ListItem\",\"position\":1,\"name\":\"Start\",\"item\":\"https:\/\/krone.finance\/\"},{\"@type\":\"ListItem\",\"position\":2,\"name\":\"FINANZIERUNG\"}]},{\"@type\":\"WebSite\",\"@id\":\"https:\/\/krone.finance\/#website\",\"url\":\"https:\/\/krone.finance\/\",\"name\":\"Krone Finance\",\"description\":\"\",\"potentialAction\":[{\"@type\":\"SearchAction\",\"target\":{\"@type\":\"EntryPoint\",\"urlTemplate\":\"https:\/\/krone.finance\/?s={search_term_string}\"},\"query-input\":{\"@type\":\"PropertyValueSpecification\",\"valueRequired\":true,\"valueName\":\"search_term_string\"}}],\"inLanguage\":\"de\"}]}<\/script>\n<!-- \/ Yoast SEO plugin. -->","yoast_head_json":{"title":"FINANZIERUNG - Krone Finance","robots":{"index":"index","follow":"follow","max-snippet":"max-snippet:-1","max-image-preview":"max-image-preview:large","max-video-preview":"max-video-preview:-1"},"canonical":"https:\/\/krone.finance\/?page_id=292","og_locale":"de_DE","og_type":"article","og_title":"FINANZIERUNG - Krone Finance","og_description":"Flexibilit\u00e4t ist in der Logistik ein entscheidender Wettbewerbsvorteil \u2013 und das gilt ebenso f\u00fcr Ihre Liquidit\u00e4t.Damit Sie finanziell beweglich bleiben, bieten wir Ihnen ma\u00dfgeschneiderte Finanzierungsmodelle wie Leasing, Mietkauf oder Investitionskredite. So erweitern Sie Ihren finanziellen Spielraum genau dann, wenn Sie ihn ben\u00f6tigen. Ihre Vorteile auf einen Blick: pers\u00f6nliche und kompetente Finanzierungsberatung individuelle Ratenmodelle schnelle, unkomplizierte [&hellip;]","og_url":"https:\/\/krone.finance\/?page_id=292","og_site_name":"Krone Finance","article_modified_time":"2025-11-17T12:54:50+00:00","twitter_card":"summary_large_image","twitter_misc":{"Gesch\u00e4tzte Lesezeit":"8\u00a0Minuten"},"schema":{"@context":"https:\/\/schema.org","@graph":[{"@type":"WebPage","@id":"https:\/\/krone.finance\/?page_id=292","url":"https:\/\/krone.finance\/?page_id=292","name":"FINANZIERUNG - Krone Finance","isPartOf":{"@id":"https:\/\/krone.finance\/#website"},"datePublished":"2025-11-03T10:18:50+00:00","dateModified":"2025-11-17T12:54:50+00:00","breadcrumb":{"@id":"https:\/\/krone.finance\/?page_id=292#breadcrumb"},"inLanguage":"de","potentialAction":[{"@type":"ReadAction","target":["https:\/\/krone.finance\/?page_id=292"]}]},{"@type":"BreadcrumbList","@id":"https:\/\/krone.finance\/?page_id=292#breadcrumb","itemListElement":[{"@type":"ListItem","position":1,"name":"Start","item":"https:\/\/krone.finance\/"},{"@type":"ListItem","position":2,"name":"FINANZIERUNG"}]},{"@type":"WebSite","@id":"https:\/\/krone.finance\/#website","url":"https:\/\/krone.finance\/","name":"Krone Finance","description":"","potentialAction":[{"@type":"SearchAction","target":{"@type":"EntryPoint","urlTemplate":"https:\/\/krone.finance\/?s={search_term_string}"},"query-input":{"@type":"PropertyValueSpecification","valueRequired":true,"valueName":"search_term_string"}}],"inLanguage":"de"}]}},"_links":{"self":[{"href":"https:\/\/krone.finance\/index.php?rest_route=\/wp\/v2\/pages\/292","targetHints":{"allow":["GET"]}}],"collection":[{"href":"https:\/\/krone.finance\/index.php?rest_route=\/wp\/v2\/pages"}],"about":[{"href":"https:\/\/krone.finance\/index.php?rest_route=\/wp\/v2\/types\/page"}],"author":[{"embeddable":true,"href":"https:\/\/krone.finance\/index.php?rest_route=\/wp\/v2\/users\/1"}],"replies":[{"embeddable":true,"href":"https:\/\/krone.finance\/index.php?rest_route=%2Fwp%2Fv2%2Fcomments&post=292"}],"version-history":[{"count":6,"href":"https:\/\/krone.finance\/index.php?rest_route=\/wp\/v2\/pages\/292\/revisions"}],"predecessor-version":[{"id":343,"href":"https:\/\/krone.finance\/index.php?rest_route=\/wp\/v2\/pages\/292\/revisions\/343"}],"wp:attachment":[{"href":"https:\/\/krone.finance\/index.php?rest_route=%2Fwp%2Fv2%2Fmedia&parent=292"}],"curies":[{"name":"wp","href":"https:\/\/api.w.org\/{rel}","templated":true}]}}