{"id":248,"date":"2025-10-17T10:13:03","date_gmt":"2025-10-17T10:13:03","guid":{"rendered":"https:\/\/krone.finance\/?page_id=248"},"modified":"2026-01-05T08:07:37","modified_gmt":"2026-01-05T08:07:37","slug":"handel","status":"publish","type":"page","link":"https:\/\/krone.finance\/?page_id=248","title":{"rendered":"HANDEL"},"content":{"rendered":"<p>[et_pb_section fb_built=&#8220;1&#8243; custom_padding_last_edited=&#8220;on|phone&#8220; admin_label=&#8220;Header&#8220; _builder_version=&#8220;4.27.4&#8243; _module_preset=&#8220;cfd369b2-52fe-45b5-9c29-4ea6df34c064&#8243; background_enable_color=&#8220;off&#8220; background_color_gradient_stops=&#8220;#000000 0%|rgba(0,0,0,0.3) 40%&#8220; background_image=&#8220;https:\/\/krone.finance\/wp-content\/uploads\/2025\/11\/krone_trailers_1.1.1.jpg&#8220; custom_padding=&#8220;14vw||0px||false|false&#8220; custom_padding_tablet=&#8220;20vw||0px||false|false&#8220; custom_padding_phone=&#8220;20vw||0px||false|false&#8220; global_colors_info=&#8220;{}&#8220;][et_pb_row _builder_version=&#8220;4.27.4&#8243; _module_preset=&#8220;d533430b-dd4e-4c00-904e-aa4f232b9807&#8243; global_colors_info=&#8220;{}&#8220;][et_pb_column type=&#8220;4_4&#8243; _builder_version=&#8220;4.27.4&#8243; _module_preset=&#8220;default&#8220; global_colors_info=&#8220;{}&#8220;][et_pb_heading title=&#8220;Wo ANGEBOT &#038; NACHFRAGE ZUSAMMENFINDEN&#8220; _builder_version=&#8220;4.27.4&#8243; _module_preset=&#8220;aa661db8-8217-4493-a40c-66fa79b8425f&#8220; title_font=&#8220;Noto Sans|700||on|||||&#8220; title_text_color=&#8220;#FFFFFF&#8220; title_font_size=&#8220;22px&#8220; global_colors_info=&#8220;{}&#8220;][\/et_pb_heading][et_pb_heading title=&#8220;HANDEL&#8220; _builder_version=&#8220;4.27.4&#8243; _module_preset=&#8220;e8f5d7d5-37d0-4c77-a2b0-7d6759c74a14&#8243; title_font=&#8220;Noto Sans|700|||||||&#8220; title_text_color=&#8220;#FFFFFF&#8220; title_font_size=&#8220;85px&#8220; max_width=&#8220;1080px&#8220; custom_margin=&#8220;||56px|||&#8220; global_colors_info=&#8220;{}&#8220;][\/et_pb_heading][\/et_pb_column][\/et_pb_row][\/et_pb_section][et_pb_section fb_built=&#8220;1&#8243; specialty=&#8220;on&#8220; admin_label=&#8220;Stats&#8220; _builder_version=&#8220;4.25.2&#8243; _module_preset=&#8220;default&#8220; inner_width=&#8220;90%&#8220; inner_max_width=&#8220;1500px&#8220; custom_padding=&#8220;70px||20px|||&#8220; global_colors_info=&#8220;{}&#8220;][et_pb_column type=&#8220;1_3&#8243; _builder_version=&#8220;4.16&#8243; _module_preset=&#8220;default&#8220; custom_padding=&#8220;|||&#8220; global_colors_info=&#8220;{}&#8220; custom_padding__hover=&#8220;|||&#8220;][et_pb_heading title=&#8220;GEMEINSAM DEN HANDEL GESTALTEN&#8220; _builder_version=&#8220;4.27.4&#8243; _module_preset=&#8220;8d8f8f1e-b57a-443d-a767-54436e5f6e2c&#8220; title_font=&#8220;Noto Sans|700|||||||&#8220; locked=&#8220;off&#8220; global_colors_info=&#8220;{}&#8220;][\/et_pb_heading][\/et_pb_column][et_pb_column type=&#8220;2_3&#8243; specialty_columns=&#8220;2&#8243; _builder_version=&#8220;4.16&#8243; _module_preset=&#8220;default&#8220; custom_padding=&#8220;|||&#8220; global_colors_info=&#8220;{}&#8220; custom_padding__hover=&#8220;|||&#8220;][et_pb_row_inner custom_padding_last_edited=&#8220;on|phone&#8220; _builder_version=&#8220;4.25.2&#8243; _module_preset=&#8220;default&#8220; custom_padding_tablet=&#8220;0px||0px||true|false&#8220; custom_padding_phone=&#8220;0px||0px||true|false&#8220; global_colors_info=&#8220;{}&#8220;][et_pb_column_inner saved_specialty_column_type=&#8220;2_3&#8243; _builder_version=&#8220;4.25.2&#8243; _module_preset=&#8220;default&#8220; global_colors_info=&#8220;{}&#8220;][et_pb_text _builder_version=&#8220;4.27.4&#8243; _module_preset=&#8220;f9993761-c309-44c0-af24-b3f0cc25d210&#8243; text_font=&#8220;Noto Sans||||||||&#8220; text_font_size=&#8220;18px&#8220; max_width=&#8220;625px&#8220; global_colors_info=&#8220;{}&#8220;]<\/p>\n<div class=\"elementor-element elementor-element-34735560 e-flex e-con-boxed e-con e-parent e-lazyloaded\" data-id=\"34735560\" data-element_type=\"container\">\n<div class=\"e-con-inner\">\n<div class=\"elementor-element elementor-element-55d65f6d elementor-widget elementor-widget-text-editor\" data-id=\"55d65f6d\" data-element_type=\"widget\" data-widget_type=\"text-editor.default\">\n<div class=\"elementor-widget-container\"><strong>Ihr Unternehmen ist mit anspruchsvollen Frachtaufgaben betraut, z. B. als Spedition. Und Sie haben Ihre Prinzipien.<\/strong><\/div>\n<\/div>\n<\/div>\n<\/div>\n<p>Fahrzeuge, Wechselbeh\u00e4lter, Sattelauflieger, Lafetten und anderes Equipment \u2013 alles soll Ihr Eigentum sein. Dazu gibt es f\u00fcr Sie keine Alternative.<\/p>\n<p>Sie wissen: So ein Fuhrpark-Kauf erfordert umfangreiche und zeitintensive Vorbereitungen. Zu diesen Belastungen gibt es jetzt eine schnelle und komfortable Alternative: Den Full-Service-Kauf bei KRONE Financial Services.<\/p>\n<p>Als eine der deutschlandweit gr\u00f6\u00dften Vermietgesellschaften f\u00fcr den gewerblichen G\u00fcterverkehr geh\u00f6ren wir zu den wichtigsten Kunden aller bedeutenden Fuhrpark-Hersteller.<\/p>\n<p>Machen Sie unseren Vorteil zu Ihrem eigenen: Kaufen Sie Ihren Fuhrpark bei uns!<\/p>\n<p>[\/et_pb_text][et_pb_button button_url=&#8220;mailto:info@krone.finance&#8220; button_text=&#8220;KONTAKT AUFNEHMEN&#8220; _builder_version=&#8220;4.27.4&#8243; _module_preset=&#8220;default&#8220; custom_button=&#8220;on&#8220; button_text_color=&#8220;#FFFFFF&#8220; button_bg_color=&#8220;#008080&#8243; button_border_width=&#8220;0px&#8220; button_border_radius=&#8220;0px&#8220; button_font=&#8220;|600|||||||&#8220; custom_margin=&#8220;30px||||false|false&#8220; global_colors_info=&#8220;{}&#8220; button_bg_color__hover_enabled=&#8220;on|hover&#8220; button_bg_color__hover=&#8220;#000000&#8243; button_bg_enable_color__hover=&#8220;on&#8220;][\/et_pb_button][\/et_pb_column_inner][\/et_pb_row_inner][\/et_pb_column][\/et_pb_section][et_pb_section fb_built=&#8220;1&#8243; _builder_version=&#8220;4.27.4&#8243; _module_preset=&#8220;default&#8220; global_colors_info=&#8220;{}&#8220;][et_pb_row column_structure=&#8220;3_5,2_5&#8243; _builder_version=&#8220;4.27.4&#8243; _module_preset=&#8220;default&#8220; width=&#8220;100%&#8220; max_width=&#8220;1363px&#8220; global_colors_info=&#8220;{}&#8220;][et_pb_column type=&#8220;3_5&#8243; _builder_version=&#8220;4.27.4&#8243; _module_preset=&#8220;default&#8220; global_colors_info=&#8220;{}&#8220;][et_pb_image src=&#8220;https:\/\/krone.finance\/wp-content\/uploads\/2025\/11\/smiling-truck-driver-working-gloves-opening-closing-truck-trailer-back-doors-checking-goods-transportation-1-scaled.png&#8220; title_text=&#8220;smiling-truck-driver-working-gloves-opening-closing-truck-trailer-back-doors-checking-goods-transportation&#8220; _builder_version=&#8220;4.27.4&#8243; _module_preset=&#8220;default&#8220; global_colors_info=&#8220;{}&#8220;][\/et_pb_image][\/et_pb_column][et_pb_column type=&#8220;2_5&#8243; _builder_version=&#8220;4.27.4&#8243; _module_preset=&#8220;default&#8220; global_colors_info=&#8220;{}&#8220;][et_pb_text _builder_version=&#8220;4.27.4&#8243; _module_preset=&#8220;f9993761-c309-44c0-af24-b3f0cc25d210&#8243; text_font=&#8220;Noto Sans||||||||&#8220; text_font_size=&#8220;18px&#8220; max_width=&#8220;625px&#8220; global_colors_info=&#8220;{}&#8220;]<\/p>\n<p><span>Machen Sie sich keine Gedanken \u00fcber alle aktuellen gesetzlichen Auflagen, Lieferzeiten und das Sie sich immer f\u00fcr den preisg\u00fcnstigsten Anbieter entscheiden.<\/span><br \/><span>Das KRONE Financial Services Team wickelt den Kauf Ihres Fuhrparks f\u00fcr Sie ab:<\/span><span><\/span><\/p>\n<p><strong>Herstellerneutral, sachkundig, engagiert, fair und p\u00fcnktlich.<\/strong><\/p>\n<p>Unser sachkundiges und erfahrenes Team, setzt sein Wissen mit ganzer Kraft f\u00fcr Ihr Unternehmen ein.<\/p>\n<p>[\/et_pb_text][\/et_pb_column][\/et_pb_row][et_pb_row column_structure=&#8220;2_5,3_5&#8243; _builder_version=&#8220;4.27.4&#8243; _module_preset=&#8220;default&#8220; width=&#8220;100%&#8220; max_width=&#8220;1363px&#8220; global_colors_info=&#8220;{}&#8220;][et_pb_column type=&#8220;2_5&#8243; _builder_version=&#8220;4.27.4&#8243; _module_preset=&#8220;default&#8220; global_colors_info=&#8220;{}&#8220;][et_pb_text _builder_version=&#8220;4.27.4&#8243; _module_preset=&#8220;f9993761-c309-44c0-af24-b3f0cc25d210&#8243; text_font=&#8220;Noto Sans||||||||&#8220; text_font_size=&#8220;18px&#8220; max_width=&#8220;625px&#8220; global_colors_info=&#8220;{}&#8220;]<\/p>\n<p><span>Von der Erstberatung bei Ihnen vor Ort bis zur Auslieferung. Sie k\u00f6nnen sich unterdessen voll auf Ihr Kerngesch\u00e4ft konzentrieren \u2013 mit der Gewissheit, dass wir Sie auf dem schnellsten und effektivsten Weg in den Besitz Ihres gew\u00fcnschten Fuhrpark-Equipments bringt. Full-Service-Kauf bei KRONE Financial Services: Komfortabler kommen Sie nicht an Ihren eigenen Fuhrpark!<\/span><\/p>\n<p>[\/et_pb_text][\/et_pb_column][et_pb_column type=&#8220;3_5&#8243; _builder_version=&#8220;4.27.4&#8243; _module_preset=&#8220;default&#8220; global_colors_info=&#8220;{}&#8220;][et_pb_image src=&#8220;https:\/\/krone.finance\/wp-content\/uploads\/2025\/11\/smiling-truck-driver-working-gloves-opening-closing-truck-trailer-back-doors-checking-goods-png-scaled.png&#8220; title_text=&#8220;smiling-truck-driver-working-gloves-opening-closing-truck-trailer-back-doors-checking-goods-png&#8220; _builder_version=&#8220;4.27.4&#8243; _module_preset=&#8220;default&#8220; global_colors_info=&#8220;{}&#8220;][\/et_pb_image][\/et_pb_column][\/et_pb_row][\/et_pb_section][et_pb_section fb_built=&#8220;1&#8243; fullwidth=&#8220;on&#8220; _builder_version=&#8220;4.27.4&#8243; _module_preset=&#8220;default&#8220; global_colors_info=&#8220;{}&#8220;][et_pb_fullwidth_slider _builder_version=&#8220;4.27.4&#8243; _module_preset=&#8220;default&#8220; global_colors_info=&#8220;{}&#8220;][et_pb_slide _builder_version=&#8220;4.27.4&#8243; _module_preset=&#8220;default&#8220; background_image=&#8220;https:\/\/krone.finance\/wp-content\/uploads\/2025\/11\/smiling-truck-driver-working-gloves-opening-closing-truck-trailer-back-doors-checking-goods-transportation-2-scaled.png&#8220; background_enable_image=&#8220;on&#8220; parallax=&#8220;on&#8220; global_colors_info=&#8220;{}&#8220; sticky_transition=&#8220;on&#8220;][\/et_pb_slide][\/et_pb_fullwidth_slider][\/et_pb_section]<\/p>\n","protected":false},"excerpt":{"rendered":"<p>Ihr Unternehmen ist mit anspruchsvollen Frachtaufgaben betraut, z. B. als Spedition. Und Sie haben Ihre Prinzipien. Fahrzeuge, Wechselbeh\u00e4lter, Sattelauflieger, Lafetten und anderes Equipment \u2013 alles soll Ihr Eigentum sein. Dazu gibt es f\u00fcr Sie keine Alternative. Sie wissen: So ein Fuhrpark-Kauf erfordert umfangreiche und zeitintensive Vorbereitungen. Zu diesen Belastungen gibt es jetzt eine schnelle und [&hellip;]<\/p>\n","protected":false},"author":1,"featured_media":0,"parent":0,"menu_order":0,"comment_status":"closed","ping_status":"closed","template":"","meta":{"_et_pb_use_builder":"on","_et_pb_old_content":"","_et_gb_content_width":"","footnotes":""},"class_list":["post-248","page","type-page","status-publish","hentry"],"yoast_head":"<!-- This site is optimized with the Yoast SEO plugin v26.9 - https:\/\/yoast.com\/product\/yoast-seo-wordpress\/ -->\n<title>HANDEL - Krone Finance<\/title>\n<meta name=\"robots\" content=\"index, follow, max-snippet:-1, max-image-preview:large, max-video-preview:-1\" \/>\n<link rel=\"canonical\" href=\"https:\/\/krone.finance\/?page_id=248\" \/>\n<meta property=\"og:locale\" content=\"de_DE\" \/>\n<meta property=\"og:type\" content=\"article\" \/>\n<meta property=\"og:title\" content=\"HANDEL - Krone Finance\" \/>\n<meta property=\"og:description\" content=\"Ihr Unternehmen ist mit anspruchsvollen Frachtaufgaben betraut, z. B. als Spedition. Und Sie haben Ihre Prinzipien. Fahrzeuge, Wechselbeh\u00e4lter, Sattelauflieger, Lafetten und anderes Equipment \u2013 alles soll Ihr Eigentum sein. Dazu gibt es f\u00fcr Sie keine Alternative. Sie wissen: So ein Fuhrpark-Kauf erfordert umfangreiche und zeitintensive Vorbereitungen. Zu diesen Belastungen gibt es jetzt eine schnelle und [&hellip;]\" \/>\n<meta property=\"og:url\" content=\"https:\/\/krone.finance\/?page_id=248\" \/>\n<meta property=\"og:site_name\" content=\"Krone Finance\" \/>\n<meta property=\"article:modified_time\" content=\"2026-01-05T08:07:37+00:00\" \/>\n<meta name=\"twitter:card\" content=\"summary_large_image\" \/>\n<meta name=\"twitter:label1\" content=\"Gesch\u00e4tzte Lesezeit\" \/>\n\t<meta name=\"twitter:data1\" content=\"5\u00a0Minuten\" \/>\n<script type=\"application\/ld+json\" class=\"yoast-schema-graph\">{\"@context\":\"https:\/\/schema.org\",\"@graph\":[{\"@type\":\"WebPage\",\"@id\":\"https:\/\/krone.finance\/?page_id=248\",\"url\":\"https:\/\/krone.finance\/?page_id=248\",\"name\":\"HANDEL - Krone Finance\",\"isPartOf\":{\"@id\":\"https:\/\/krone.finance\/#website\"},\"datePublished\":\"2025-10-17T10:13:03+00:00\",\"dateModified\":\"2026-01-05T08:07:37+00:00\",\"breadcrumb\":{\"@id\":\"https:\/\/krone.finance\/?page_id=248#breadcrumb\"},\"inLanguage\":\"de\",\"potentialAction\":[{\"@type\":\"ReadAction\",\"target\":[\"https:\/\/krone.finance\/?page_id=248\"]}]},{\"@type\":\"BreadcrumbList\",\"@id\":\"https:\/\/krone.finance\/?page_id=248#breadcrumb\",\"itemListElement\":[{\"@type\":\"ListItem\",\"position\":1,\"name\":\"Start\",\"item\":\"https:\/\/krone.finance\/\"},{\"@type\":\"ListItem\",\"position\":2,\"name\":\"HANDEL\"}]},{\"@type\":\"WebSite\",\"@id\":\"https:\/\/krone.finance\/#website\",\"url\":\"https:\/\/krone.finance\/\",\"name\":\"Krone Finance\",\"description\":\"\",\"potentialAction\":[{\"@type\":\"SearchAction\",\"target\":{\"@type\":\"EntryPoint\",\"urlTemplate\":\"https:\/\/krone.finance\/?s={search_term_string}\"},\"query-input\":{\"@type\":\"PropertyValueSpecification\",\"valueRequired\":true,\"valueName\":\"search_term_string\"}}],\"inLanguage\":\"de\"}]}<\/script>\n<!-- \/ Yoast SEO plugin. -->","yoast_head_json":{"title":"HANDEL - Krone Finance","robots":{"index":"index","follow":"follow","max-snippet":"max-snippet:-1","max-image-preview":"max-image-preview:large","max-video-preview":"max-video-preview:-1"},"canonical":"https:\/\/krone.finance\/?page_id=248","og_locale":"de_DE","og_type":"article","og_title":"HANDEL - Krone Finance","og_description":"Ihr Unternehmen ist mit anspruchsvollen Frachtaufgaben betraut, z. B. als Spedition. Und Sie haben Ihre Prinzipien. Fahrzeuge, Wechselbeh\u00e4lter, Sattelauflieger, Lafetten und anderes Equipment \u2013 alles soll Ihr Eigentum sein. Dazu gibt es f\u00fcr Sie keine Alternative. Sie wissen: So ein Fuhrpark-Kauf erfordert umfangreiche und zeitintensive Vorbereitungen. Zu diesen Belastungen gibt es jetzt eine schnelle und [&hellip;]","og_url":"https:\/\/krone.finance\/?page_id=248","og_site_name":"Krone Finance","article_modified_time":"2026-01-05T08:07:37+00:00","twitter_card":"summary_large_image","twitter_misc":{"Gesch\u00e4tzte Lesezeit":"5\u00a0Minuten"},"schema":{"@context":"https:\/\/schema.org","@graph":[{"@type":"WebPage","@id":"https:\/\/krone.finance\/?page_id=248","url":"https:\/\/krone.finance\/?page_id=248","name":"HANDEL - Krone Finance","isPartOf":{"@id":"https:\/\/krone.finance\/#website"},"datePublished":"2025-10-17T10:13:03+00:00","dateModified":"2026-01-05T08:07:37+00:00","breadcrumb":{"@id":"https:\/\/krone.finance\/?page_id=248#breadcrumb"},"inLanguage":"de","potentialAction":[{"@type":"ReadAction","target":["https:\/\/krone.finance\/?page_id=248"]}]},{"@type":"BreadcrumbList","@id":"https:\/\/krone.finance\/?page_id=248#breadcrumb","itemListElement":[{"@type":"ListItem","position":1,"name":"Start","item":"https:\/\/krone.finance\/"},{"@type":"ListItem","position":2,"name":"HANDEL"}]},{"@type":"WebSite","@id":"https:\/\/krone.finance\/#website","url":"https:\/\/krone.finance\/","name":"Krone Finance","description":"","potentialAction":[{"@type":"SearchAction","target":{"@type":"EntryPoint","urlTemplate":"https:\/\/krone.finance\/?s={search_term_string}"},"query-input":{"@type":"PropertyValueSpecification","valueRequired":true,"valueName":"search_term_string"}}],"inLanguage":"de"}]}},"_links":{"self":[{"href":"https:\/\/krone.finance\/index.php?rest_route=\/wp\/v2\/pages\/248","targetHints":{"allow":["GET"]}}],"collection":[{"href":"https:\/\/krone.finance\/index.php?rest_route=\/wp\/v2\/pages"}],"about":[{"href":"https:\/\/krone.finance\/index.php?rest_route=\/wp\/v2\/types\/page"}],"author":[{"embeddable":true,"href":"https:\/\/krone.finance\/index.php?rest_route=\/wp\/v2\/users\/1"}],"replies":[{"embeddable":true,"href":"https:\/\/krone.finance\/index.php?rest_route=%2Fwp%2Fv2%2Fcomments&post=248"}],"version-history":[{"count":7,"href":"https:\/\/krone.finance\/index.php?rest_route=\/wp\/v2\/pages\/248\/revisions"}],"predecessor-version":[{"id":414,"href":"https:\/\/krone.finance\/index.php?rest_route=\/wp\/v2\/pages\/248\/revisions\/414"}],"wp:attachment":[{"href":"https:\/\/krone.finance\/index.php?rest_route=%2Fwp%2Fv2%2Fmedia&parent=248"}],"curies":[{"name":"wp","href":"https:\/\/api.w.org\/{rel}","templated":true}]}}